{"id":181,"date":"2022-02-14T21:13:01","date_gmt":"2022-02-14T20:13:01","guid":{"rendered":"https:\/\/gravoplan.ch\/qualitaet\/"},"modified":"2022-02-14T23:05:32","modified_gmt":"2022-02-14T22:05:32","slug":"qualitaet","status":"publish","type":"page","link":"https:\/\/gravoplan.ch\/de\/qualitaet\/","title":{"rendered":"Qualit\u00e4t"},"content":{"rendered":"<div class=\"fusion-fullwidth fullwidth-box fusion-builder-row-1 fusion-flex-container nonhundred-percent-fullwidth non-hundred-percent-height-scrolling\" style=\"--awb-border-radius-top-left:0px;--awb-border-radius-top-right:0px;--awb-border-radius-bottom-right:0px;--awb-border-radius-bottom-left:0px;--awb-flex-wrap:wrap;\" ><div class=\"fusion-builder-row fusion-row fusion-flex-align-items-flex-start fusion-flex-content-wrap\" style=\"max-width:1248px;margin-left: calc(-4% \/ 2 );margin-right: calc(-4% \/ 2 );\"><div class=\"fusion-layout-column fusion_builder_column fusion-builder-column-0 fusion_builder_column_1_1 1_1 fusion-flex-column\" style=\"--awb-bg-size:cover;--awb-width-large:100%;--awb-margin-top-large:0px;--awb-spacing-right-large:1.92%;--awb-margin-bottom-large:20px;--awb-spacing-left-large:1.92%;--awb-width-medium:100%;--awb-order-medium:0;--awb-spacing-right-medium:1.92%;--awb-spacing-left-medium:1.92%;--awb-width-small:100%;--awb-order-small:0;--awb-spacing-right-small:1.92%;--awb-spacing-left-small:1.92%;\"><div class=\"fusion-column-wrapper fusion-column-has-shadow fusion-flex-justify-content-flex-start fusion-content-layout-column\"><div class=\"fusion-text fusion-text-1\" style=\"--awb-text-transform:none;\"><h4>Qualit\u00e4t<\/h4>\n<p>Unser Ziel ist es, Sie als Kunde mit h\u00f6chster Pr\u00e4zision und Qualit\u00e4t zu beliefern. Daher setzen wir auf stetige Qualit\u00e4tskontrollen mit modernsten Messmitteln. Auf Kundenwunsch erstellen wir Messprotokolle.<\/p>\n<\/div><div class=\"awb-gallery-wrapper awb-gallery-wrapper-1 button-span-no\"><div style=\"margin:-5px;--awb-bordersize:0px;\" class=\"fusion-gallery fusion-gallery-container fusion-grid-2 fusion-columns-total-4 fusion-gallery-layout-grid fusion-gallery-1\"><div style=\"padding:5px;\" class=\"fusion-grid-column fusion-gallery-column fusion-gallery-column-2 hover-type-none\"><div class=\"fusion-gallery-image\"><img decoding=\"async\" src=\"https:\/\/gravoplan.ch\/wp-content\/uploads\/2022\/02\/messen1.jpg\" width=\"800\" height=\"600\" alt=\"\" title=\"messen1\" aria-label=\"messen1\" class=\"img-responsive wp-image-84\" srcset=\"https:\/\/gravoplan.ch\/wp-content\/uploads\/2022\/02\/messen1-200x150.jpg 200w, https:\/\/gravoplan.ch\/wp-content\/uploads\/2022\/02\/messen1-400x300.jpg 400w, https:\/\/gravoplan.ch\/wp-content\/uploads\/2022\/02\/messen1-600x450.jpg 600w, https:\/\/gravoplan.ch\/wp-content\/uploads\/2022\/02\/messen1.jpg 800w\" sizes=\"(min-width: 2200px) 100vw, (min-width: 712px) 598px, (min-width: 640px) 712px, \" \/><\/div><\/div><div style=\"padding:5px;\" class=\"fusion-grid-column fusion-gallery-column fusion-gallery-column-2 hover-type-none\"><div class=\"fusion-gallery-image\"><img decoding=\"async\" src=\"https:\/\/gravoplan.ch\/wp-content\/uploads\/2022\/02\/einstellen.jpg\" width=\"800\" height=\"600\" alt=\"\" title=\"einstellen\" aria-label=\"einstellen\" class=\"img-responsive wp-image-82\" srcset=\"https:\/\/gravoplan.ch\/wp-content\/uploads\/2022\/02\/einstellen-200x150.jpg 200w, https:\/\/gravoplan.ch\/wp-content\/uploads\/2022\/02\/einstellen-400x300.jpg 400w, https:\/\/gravoplan.ch\/wp-content\/uploads\/2022\/02\/einstellen-600x450.jpg 600w, https:\/\/gravoplan.ch\/wp-content\/uploads\/2022\/02\/einstellen.jpg 800w\" sizes=\"(min-width: 2200px) 100vw, (min-width: 712px) 598px, (min-width: 640px) 712px, \" \/><\/div><\/div><div class=\"clearfix\"><\/div><div style=\"padding:5px;\" class=\"fusion-grid-column fusion-gallery-column fusion-gallery-column-2 hover-type-none\"><div class=\"fusion-gallery-image\"><img decoding=\"async\" src=\"https:\/\/gravoplan.ch\/wp-content\/uploads\/2022\/02\/messen2.jpg\" width=\"600\" height=\"800\" alt=\"\" title=\"messen2\" aria-label=\"messen2\" class=\"img-responsive wp-image-80\" srcset=\"https:\/\/gravoplan.ch\/wp-content\/uploads\/2022\/02\/messen2-200x267.jpg 200w, https:\/\/gravoplan.ch\/wp-content\/uploads\/2022\/02\/messen2-400x533.jpg 400w, https:\/\/gravoplan.ch\/wp-content\/uploads\/2022\/02\/messen2.jpg 600w\" sizes=\"(min-width: 2200px) 100vw, (min-width: 712px) 598px, (min-width: 640px) 712px, \" \/><\/div><\/div><div style=\"padding:5px;\" class=\"fusion-grid-column fusion-gallery-column fusion-gallery-column-2 hover-type-none\"><div class=\"fusion-gallery-image\"><img decoding=\"async\" src=\"https:\/\/gravoplan.ch\/wp-content\/uploads\/2022\/02\/sylvac.jpg\" width=\"600\" height=\"800\" alt=\"\" title=\"sylvac\" aria-label=\"sylvac\" class=\"img-responsive wp-image-78\" srcset=\"https:\/\/gravoplan.ch\/wp-content\/uploads\/2022\/02\/sylvac-200x267.jpg 200w, https:\/\/gravoplan.ch\/wp-content\/uploads\/2022\/02\/sylvac-400x533.jpg 400w, https:\/\/gravoplan.ch\/wp-content\/uploads\/2022\/02\/sylvac.jpg 600w\" sizes=\"(min-width: 2200px) 100vw, (min-width: 712px) 598px, (min-width: 640px) 712px, \" \/><\/div><\/div><div class=\"clearfix\"><\/div><\/div><\/div><\/div><\/div><\/div><\/div>\n","protected":false},"excerpt":{"rendered":"","protected":false},"author":1,"featured_media":0,"parent":0,"menu_order":0,"comment_status":"closed","ping_status":"closed","template":"","meta":{"footnotes":""},"yoast_head":"<!-- This site is optimized with the Yoast SEO plugin v20.13 - https:\/\/yoast.com\/wordpress\/plugins\/seo\/ -->\n<title>Qualit\u00e4t - Gravoplan<\/title>\n<meta name=\"robots\" content=\"index, follow, max-snippet:-1, max-image-preview:large, max-video-preview:-1\" \/>\n<link rel=\"canonical\" href=\"https:\/\/gravoplan.ch\/de\/qualitaet\/\" \/>\n<meta property=\"og:locale\" content=\"de_DE\" \/>\n<meta property=\"og:type\" content=\"article\" \/>\n<meta property=\"og:title\" content=\"Qualit\u00e4t - Gravoplan\" \/>\n<meta property=\"og:url\" content=\"https:\/\/gravoplan.ch\/de\/qualitaet\/\" \/>\n<meta property=\"og:site_name\" content=\"Gravoplan\" \/>\n<meta property=\"article:modified_time\" content=\"2022-02-14T22:05:32+00:00\" \/>\n<meta name=\"twitter:card\" content=\"summary_large_image\" \/>\n<meta name=\"twitter:label1\" content=\"Gesch\u00e4tzte Lesezeit\" \/>\n\t<meta name=\"twitter:data1\" content=\"4\u00a0Minuten\" \/>\n<script type=\"application\/ld+json\" class=\"yoast-schema-graph\">{\"@context\":\"https:\/\/schema.org\",\"@graph\":[{\"@type\":\"WebPage\",\"@id\":\"https:\/\/gravoplan.ch\/de\/qualitaet\/\",\"url\":\"https:\/\/gravoplan.ch\/de\/qualitaet\/\",\"name\":\"Qualit\u00e4t - Gravoplan\",\"isPartOf\":{\"@id\":\"https:\/\/gravoplan.ch\/de\/#website\"},\"datePublished\":\"2022-02-14T20:13:01+00:00\",\"dateModified\":\"2022-02-14T22:05:32+00:00\",\"breadcrumb\":{\"@id\":\"https:\/\/gravoplan.ch\/de\/qualitaet\/#breadcrumb\"},\"inLanguage\":\"de\",\"potentialAction\":[{\"@type\":\"ReadAction\",\"target\":[\"https:\/\/gravoplan.ch\/de\/qualitaet\/\"]}]},{\"@type\":\"BreadcrumbList\",\"@id\":\"https:\/\/gravoplan.ch\/de\/qualitaet\/#breadcrumb\",\"itemListElement\":[{\"@type\":\"ListItem\",\"position\":1,\"name\":\"Accueil\",\"item\":\"https:\/\/gravoplan.ch\/de\/home\/\"},{\"@type\":\"ListItem\",\"position\":2,\"name\":\"Qualit\u00e4t\"}]},{\"@type\":\"WebSite\",\"@id\":\"https:\/\/gravoplan.ch\/de\/#website\",\"url\":\"https:\/\/gravoplan.ch\/de\/\",\"name\":\"Gravoplan\",\"description\":\"Usinage des materiaux non-ferreux et plastiques\",\"publisher\":{\"@id\":\"https:\/\/gravoplan.ch\/de\/#organization\"},\"potentialAction\":[{\"@type\":\"SearchAction\",\"target\":{\"@type\":\"EntryPoint\",\"urlTemplate\":\"https:\/\/gravoplan.ch\/de\/?s={search_term_string}\"},\"query-input\":\"required name=search_term_string\"}],\"inLanguage\":\"de\"},{\"@type\":\"Organization\",\"@id\":\"https:\/\/gravoplan.ch\/de\/#organization\",\"name\":\"Gravoplan\",\"url\":\"https:\/\/gravoplan.ch\/de\/\",\"logo\":{\"@type\":\"ImageObject\",\"inLanguage\":\"de\",\"@id\":\"https:\/\/gravoplan.ch\/de\/#\/schema\/logo\/image\/\",\"url\":\"https:\/\/gravoplan.ch\/wp-content\/uploads\/2022\/02\/logo-transparent.png\",\"contentUrl\":\"https:\/\/gravoplan.ch\/wp-content\/uploads\/2022\/02\/logo-transparent.png\",\"width\":300,\"height\":120,\"caption\":\"Gravoplan\"},\"image\":{\"@id\":\"https:\/\/gravoplan.ch\/de\/#\/schema\/logo\/image\/\"}}]}<\/script>\n<!-- \/ Yoast SEO plugin. -->","yoast_head_json":{"title":"Qualit\u00e4t - Gravoplan","robots":{"index":"index","follow":"follow","max-snippet":"max-snippet:-1","max-image-preview":"max-image-preview:large","max-video-preview":"max-video-preview:-1"},"canonical":"https:\/\/gravoplan.ch\/de\/qualitaet\/","og_locale":"de_DE","og_type":"article","og_title":"Qualit\u00e4t - Gravoplan","og_url":"https:\/\/gravoplan.ch\/de\/qualitaet\/","og_site_name":"Gravoplan","article_modified_time":"2022-02-14T22:05:32+00:00","twitter_card":"summary_large_image","twitter_misc":{"Gesch\u00e4tzte Lesezeit":"4\u00a0Minuten"},"schema":{"@context":"https:\/\/schema.org","@graph":[{"@type":"WebPage","@id":"https:\/\/gravoplan.ch\/de\/qualitaet\/","url":"https:\/\/gravoplan.ch\/de\/qualitaet\/","name":"Qualit\u00e4t - Gravoplan","isPartOf":{"@id":"https:\/\/gravoplan.ch\/de\/#website"},"datePublished":"2022-02-14T20:13:01+00:00","dateModified":"2022-02-14T22:05:32+00:00","breadcrumb":{"@id":"https:\/\/gravoplan.ch\/de\/qualitaet\/#breadcrumb"},"inLanguage":"de","potentialAction":[{"@type":"ReadAction","target":["https:\/\/gravoplan.ch\/de\/qualitaet\/"]}]},{"@type":"BreadcrumbList","@id":"https:\/\/gravoplan.ch\/de\/qualitaet\/#breadcrumb","itemListElement":[{"@type":"ListItem","position":1,"name":"Accueil","item":"https:\/\/gravoplan.ch\/de\/home\/"},{"@type":"ListItem","position":2,"name":"Qualit\u00e4t"}]},{"@type":"WebSite","@id":"https:\/\/gravoplan.ch\/de\/#website","url":"https:\/\/gravoplan.ch\/de\/","name":"Gravoplan","description":"Usinage des materiaux non-ferreux et plastiques","publisher":{"@id":"https:\/\/gravoplan.ch\/de\/#organization"},"potentialAction":[{"@type":"SearchAction","target":{"@type":"EntryPoint","urlTemplate":"https:\/\/gravoplan.ch\/de\/?s={search_term_string}"},"query-input":"required name=search_term_string"}],"inLanguage":"de"},{"@type":"Organization","@id":"https:\/\/gravoplan.ch\/de\/#organization","name":"Gravoplan","url":"https:\/\/gravoplan.ch\/de\/","logo":{"@type":"ImageObject","inLanguage":"de","@id":"https:\/\/gravoplan.ch\/de\/#\/schema\/logo\/image\/","url":"https:\/\/gravoplan.ch\/wp-content\/uploads\/2022\/02\/logo-transparent.png","contentUrl":"https:\/\/gravoplan.ch\/wp-content\/uploads\/2022\/02\/logo-transparent.png","width":300,"height":120,"caption":"Gravoplan"},"image":{"@id":"https:\/\/gravoplan.ch\/de\/#\/schema\/logo\/image\/"}}]}},"_links":{"self":[{"href":"https:\/\/gravoplan.ch\/de\/wp-json\/wp\/v2\/pages\/181"}],"collection":[{"href":"https:\/\/gravoplan.ch\/de\/wp-json\/wp\/v2\/pages"}],"about":[{"href":"https:\/\/gravoplan.ch\/de\/wp-json\/wp\/v2\/types\/page"}],"author":[{"embeddable":true,"href":"https:\/\/gravoplan.ch\/de\/wp-json\/wp\/v2\/users\/1"}],"replies":[{"embeddable":true,"href":"https:\/\/gravoplan.ch\/de\/wp-json\/wp\/v2\/comments?post=181"}],"version-history":[{"count":2,"href":"https:\/\/gravoplan.ch\/de\/wp-json\/wp\/v2\/pages\/181\/revisions"}],"predecessor-version":[{"id":183,"href":"https:\/\/gravoplan.ch\/de\/wp-json\/wp\/v2\/pages\/181\/revisions\/183"}],"wp:attachment":[{"href":"https:\/\/gravoplan.ch\/de\/wp-json\/wp\/v2\/media?parent=181"}],"curies":[{"name":"wp","href":"https:\/\/api.w.org\/{rel}","templated":true}]}}